{"id":2194,"date":"2024-04-16T09:11:50","date_gmt":"2024-04-16T09:11:50","guid":{"rendered":"https:\/\/voipbrand.com\/write-for-us\/"},"modified":"2024-04-17T09:36:44","modified_gmt":"2024-04-17T09:36:44","slug":"write-for-us","status":"publish","type":"page","link":"https:\/\/voipbrand.com\/pl\/write-for-us\/","title":{"rendered":"Napisz dla nas"},"content":{"rendered":"\t\t<div data-elementor-type=\"wp-page\" data-elementor-id=\"2194\" class=\"elementor elementor-2194\" data-elementor-settings=\"{&quot;ha_cmc_init_switcher&quot;:&quot;no&quot;}\" data-elementor-post-type=\"page\">\n\t\t\t\t\t\t<section class=\"elementor-section elementor-top-section elementor-element elementor-element-4e27b47 elementor-section-boxed elementor-section-height-default elementor-section-height-default\" data-id=\"4e27b47\" data-element_type=\"section\" data-e-type=\"section\" data-settings=\"{&quot;_ha_eqh_enable&quot;:false}\">\n\t\t\t\t\t\t<div class=\"elementor-container elementor-column-gap-default\">\n\t\t\t\t\t<div class=\"elementor-column elementor-col-100 elementor-top-column elementor-element elementor-element-6fb688a\" data-id=\"6fb688a\" data-element_type=\"column\" data-e-type=\"column\">\n\t\t\t<div class=\"elementor-widget-wrap elementor-element-populated\">\n\t\t\t\t\t\t<section class=\"elementor-section elementor-inner-section elementor-element elementor-element-65cba08 elementor-section-boxed elementor-section-height-default elementor-section-height-default\" data-id=\"65cba08\" data-element_type=\"section\" data-e-type=\"section\" data-settings=\"{&quot;_ha_eqh_enable&quot;:false}\">\n\t\t\t\t\t\t<div class=\"elementor-container elementor-column-gap-default\">\n\t\t\t\t\t<div class=\"elementor-column elementor-col-100 elementor-inner-column elementor-element elementor-element-69717de\" data-id=\"69717de\" data-element_type=\"column\" data-e-type=\"column\">\n\t\t\t<div class=\"elementor-widget-wrap elementor-element-populated\">\n\t\t\t\t\t\t\t<\/div>\n\t\t<\/div>\n\t\t\t\t\t<\/div>\n\t\t<\/section>\n\t\t\t\t<section class=\"elementor-section elementor-inner-section elementor-element elementor-element-e4eb00e elementor-section-boxed elementor-section-height-default elementor-section-height-default\" data-id=\"e4eb00e\" data-element_type=\"section\" data-e-type=\"section\" data-settings=\"{&quot;_ha_eqh_enable&quot;:false}\">\n\t\t\t\t\t\t<div class=\"elementor-container elementor-column-gap-default\">\n\t\t\t\t\t<div class=\"elementor-column elementor-col-50 elementor-inner-column elementor-element elementor-element-8fba48d\" data-id=\"8fba48d\" data-element_type=\"column\" data-e-type=\"column\">\n\t\t\t<div class=\"elementor-widget-wrap elementor-element-populated\">\n\t\t\t\t\t\t<div class=\"elementor-element elementor-element-a6154f0 elementor-view-default elementor-widget elementor-widget-icon\" data-id=\"a6154f0\" data-element_type=\"widget\" data-e-type=\"widget\" data-widget_type=\"icon.default\">\n\t\t\t\t<div class=\"elementor-widget-container\">\n\t\t\t\t\t\t\t<div class=\"elementor-icon-wrapper\">\n\t\t\t<div class=\"elementor-icon\">\n\t\t\t<i aria-hidden=\"true\" class=\"far fa-address-card\"><\/i>\t\t\t<\/div>\n\t\t<\/div>\n\t\t\t\t\t\t<\/div>\n\t\t\t\t<\/div>\n\t\t\t\t\t<\/div>\n\t\t<\/div>\n\t\t\t\t<div class=\"elementor-column elementor-col-50 elementor-inner-column elementor-element elementor-element-f97ca3a\" data-id=\"f97ca3a\" data-element_type=\"column\" data-e-type=\"column\">\n\t\t\t<div class=\"elementor-widget-wrap elementor-element-populated\">\n\t\t\t\t\t\t<div class=\"elementor-element elementor-element-515f8cf elementor-widget elementor-widget-text-editor\" data-id=\"515f8cf\" data-element_type=\"widget\" data-e-type=\"widget\" data-widget_type=\"text-editor.default\">\n\t\t\t\t<div class=\"elementor-widget-container\">\n\t\t\t\t\t\t\t\t\t<p>VoipBrand to zas\u00f3b gromadz\u0105cy informacje na temat najlepszych rozwi\u0105za\u0144 programowych w takich dziedzinach, jak oprogramowanie do centrum kontaktowego, oprogramowanie PBX, rozwi\u0105zania CRM i wiele innych. Zapewniamy kompleksowe informacje na temat ka\u017cdego rozwi\u0105zania, wraz z odpowiednimi recenzjami u\u017cytkownik\u00f3w, zaletami i wadami, listami funkcji, politykami cenowymi, integracjami itp. Naszym celem jest pomoc w znalezieniu rozwi\u0105zania, kt\u00f3re spe\u0142ni wymagania Twojej firmy i pomo\u017ce Ci osi\u0105gn\u0105\u0107 cele biznesowe jak najszybciej, oferuj\u0105c najlepsze opcje odpowiadaj\u0105ce Twojemu bud\u017cetowi.<\/p>\t\t\t\t\t\t\t\t<\/div>\n\t\t\t\t<\/div>\n\t\t\t\t\t<\/div>\n\t\t<\/div>\n\t\t\t\t\t<\/div>\n\t\t<\/section>\n\t\t\t\t<div class=\"elementor-element elementor-element-4bb6adf elementor-widget elementor-widget-template\" data-id=\"4bb6adf\" data-element_type=\"widget\" data-e-type=\"widget\" data-widget_type=\"template.default\">\n\t\t\t\t<div class=\"elementor-widget-container\">\n\t\t\t\t\t\t\t<div class=\"elementor-template\">\n\t\t\t\t\t<div data-elementor-type=\"section\" data-elementor-id=\"2179\" class=\"elementor elementor-2179\" data-elementor-settings=\"{&quot;ha_cmc_init_switcher&quot;:&quot;no&quot;}\" data-elementor-post-type=\"elementor_library\">\n\t\t\t\t\t<div class=\"elementor-section-wrap\">\n\t\t\t\t\t\t\t\t<section class=\"elementor-section elementor-top-section elementor-element elementor-element-7b8bdab3 elementor-section-boxed elementor-section-height-default elementor-section-height-default\" data-id=\"7b8bdab3\" data-element_type=\"section\" data-e-type=\"section\" data-settings=\"{&quot;_ha_eqh_enable&quot;:false}\">\n\t\t\t\t\t\t<div class=\"elementor-container elementor-column-gap-default\">\n\t\t\t\t\t<div class=\"elementor-column elementor-col-100 elementor-top-column elementor-element elementor-element-2fd4265\" data-id=\"2fd4265\" data-element_type=\"column\" data-e-type=\"column\">\n\t\t\t<div class=\"elementor-widget-wrap elementor-element-populated\">\n\t\t\t\t\t\t<section class=\"elementor-section elementor-inner-section elementor-element elementor-element-3e1ae641 elementor-section-boxed elementor-section-height-default elementor-section-height-default\" data-id=\"3e1ae641\" data-element_type=\"section\" data-e-type=\"section\" data-settings=\"{&quot;background_background&quot;:&quot;classic&quot;,&quot;_ha_eqh_enable&quot;:false}\">\n\t\t\t\t\t\t<div class=\"elementor-container elementor-column-gap-default\">\n\t\t\t\t\t<div class=\"elementor-column elementor-col-100 elementor-inner-column elementor-element elementor-element-5a80f3e8\" data-id=\"5a80f3e8\" data-element_type=\"column\" data-e-type=\"column\">\n\t\t\t<div class=\"elementor-widget-wrap elementor-element-populated\">\n\t\t\t\t\t\t<div class=\"elementor-element elementor-element-73085931 elementor-widget elementor-widget-heading\" data-id=\"73085931\" data-element_type=\"widget\" data-e-type=\"widget\" data-widget_type=\"heading.default\">\n\t\t\t\t<div class=\"elementor-widget-container\">\n\t\t\t\t\t<div class=\"elementor-heading-title elementor-size-default\">Chcesz znalej\u015b\u0107 si\u0119 w naszym katalogu <br>lub zaktualizowa\u0107 informacje?<\/div>\t\t\t\t<\/div>\n\t\t\t\t<\/div>\n\t\t\t\t<section class=\"elementor-section elementor-inner-section elementor-element elementor-element-6e559713 elementor-section-boxed elementor-section-height-default elementor-section-height-default\" data-id=\"6e559713\" data-element_type=\"section\" data-e-type=\"section\" data-settings=\"{&quot;_ha_eqh_enable&quot;:false}\">\n\t\t\t\t\t\t<div class=\"elementor-container elementor-column-gap-default\">\n\t\t\t\t\t<div class=\"elementor-column elementor-col-33 elementor-inner-column elementor-element elementor-element-6acbb0c\" data-id=\"6acbb0c\" data-element_type=\"column\" data-e-type=\"column\">\n\t\t\t<div class=\"elementor-widget-wrap elementor-element-populated\">\n\t\t\t\t\t\t<div class=\"elementor-element elementor-element-27d49655 elementor-align-center elementor-widget elementor-widget-button\" data-id=\"27d49655\" data-element_type=\"widget\" data-e-type=\"widget\" data-widget_type=\"button.default\">\n\t\t\t\t<div class=\"elementor-widget-container\">\n\t\t\t\t\t\t\t\t\t<div class=\"elementor-button-wrapper\">\n\t\t\t\t\t<a class=\"elementor-button elementor-button-link elementor-size-md\" href=\"https:\/\/docs.google.com\/forms\/d\/e\/1FAIpQLSfz8XJsDRlJ3eRtIm9KXfRioYdmpPar4V6cj-OoQFxY4hwAww\/viewform?usp=sf_link\" target=\"_blank\" rel=\"nofollow noopener\">\n\t\t\t\t\t\t<span class=\"elementor-button-content-wrapper\">\n\t\t\t\t\t\t\t\t\t<span class=\"elementor-button-text\">Doda\u0107 produkt<\/span>\n\t\t\t\t\t<\/span>\n\t\t\t\t\t<\/a>\n\t\t\t\t<\/div>\n\t\t\t\t\t\t\t\t<\/div>\n\t\t\t\t<\/div>\n\t\t\t\t\t<\/div>\n\t\t<\/div>\n\t\t\t\t<div class=\"elementor-column elementor-col-33 elementor-inner-column elementor-element elementor-element-79aa8437\" data-id=\"79aa8437\" data-element_type=\"column\" data-e-type=\"column\">\n\t\t\t<div class=\"elementor-widget-wrap elementor-element-populated\">\n\t\t\t\t\t\t<div class=\"elementor-element elementor-element-515fb4eb elementor-widget elementor-widget-text-editor\" data-id=\"515fb4eb\" data-element_type=\"widget\" data-e-type=\"widget\" data-widget_type=\"text-editor.default\">\n\t\t\t\t<div class=\"elementor-widget-container\">\n\t\t\t\t\t\t\t\t\t<p>or<br><\/p>\t\t\t\t\t\t\t\t<\/div>\n\t\t\t\t<\/div>\n\t\t\t\t\t<\/div>\n\t\t<\/div>\n\t\t\t\t<div class=\"elementor-column elementor-col-33 elementor-inner-column elementor-element elementor-element-2a2de679\" data-id=\"2a2de679\" data-element_type=\"column\" data-e-type=\"column\">\n\t\t\t<div class=\"elementor-widget-wrap elementor-element-populated\">\n\t\t\t\t\t\t<div class=\"elementor-element elementor-element-d221c2d elementor-align-center elementor-widget elementor-widget-button\" data-id=\"d221c2d\" data-element_type=\"widget\" data-e-type=\"widget\" data-widget_type=\"button.default\">\n\t\t\t\t<div class=\"elementor-widget-container\">\n\t\t\t\t\t\t\t\t\t<div class=\"elementor-button-wrapper\">\n\t\t\t\t\t<a class=\"elementor-button elementor-button-link elementor-size-md\" href=\"https:\/\/docs.google.com\/forms\/d\/e\/1FAIpQLSfz8XJsDRlJ3eRtIm9KXfRioYdmpPar4V6cj-OoQFxY4hwAww\/viewform?usp=sf_link\" target=\"_blank\" rel=\"nofollow noopener\">\n\t\t\t\t\t\t<span class=\"elementor-button-content-wrapper\">\n\t\t\t\t\t\t\t\t\t<span class=\"elementor-button-text\">Zaktualizowa\u0107 informacj\u0119<\/span>\n\t\t\t\t\t<\/span>\n\t\t\t\t\t<\/a>\n\t\t\t\t<\/div>\n\t\t\t\t\t\t\t\t<\/div>\n\t\t\t\t<\/div>\n\t\t\t\t\t<\/div>\n\t\t<\/div>\n\t\t\t\t\t<\/div>\n\t\t<\/section>\n\t\t\t\t\t<\/div>\n\t\t<\/div>\n\t\t\t\t\t<\/div>\n\t\t<\/section>\n\t\t\t\t\t<\/div>\n\t\t<\/div>\n\t\t\t\t\t<\/div>\n\t\t<\/section>\n\t\t\t\t\t\t\t<\/div>\n\t\t\t\t<\/div>\n\t\t\t\t<\/div>\n\t\t\t\t\t\t<\/div>\n\t\t\t\t<\/div>\n\t\t\t\t<section class=\"elementor-section elementor-inner-section elementor-element elementor-element-31cc59c elementor-section-boxed elementor-section-height-default elementor-section-height-default\" data-id=\"31cc59c\" data-element_type=\"section\" data-e-type=\"section\" data-settings=\"{&quot;_ha_eqh_enable&quot;:false}\">\n\t\t\t\t\t\t<div class=\"elementor-container elementor-column-gap-default\">\n\t\t\t\t\t<div class=\"elementor-column elementor-col-100 elementor-inner-column elementor-element elementor-element-459e116\" data-id=\"459e116\" data-element_type=\"column\" data-e-type=\"column\">\n\t\t\t<div class=\"elementor-widget-wrap elementor-element-populated\">\n\t\t\t\t\t\t<div class=\"elementor-element elementor-element-b1475a4 elementor-widget elementor-widget-heading\" data-id=\"b1475a4\" data-element_type=\"widget\" data-e-type=\"widget\" data-widget_type=\"heading.default\">\n\t\t\t\t<div class=\"elementor-widget-container\">\n\t\t\t\t\t<h2 class=\"elementor-heading-title elementor-size-default\">Katalog narz\u0119dzi programowych <br><font size=\"5\">dla obs\u0142ugi klienta i komunikacji z klientami<\/font><\/h2>\t\t\t\t<\/div>\n\t\t\t\t<\/div>\n\t\t\t\t\t<\/div>\n\t\t<\/div>\n\t\t\t\t\t<\/div>\n\t\t<\/section>\n\t\t\t\t<div class=\"elementor-element elementor-element-f87539a elementor-widget elementor-widget-template\" data-id=\"f87539a\" data-element_type=\"widget\" data-e-type=\"widget\" data-widget_type=\"template.default\">\n\t\t\t\t<div class=\"elementor-widget-container\">\n\t\t\t\t\t\t\t<div class=\"elementor-template\">\n\t\t\t\t\t<div data-elementor-type=\"section\" data-elementor-id=\"2210\" class=\"elementor elementor-2210\" data-elementor-settings=\"{&quot;ha_cmc_init_switcher&quot;:&quot;no&quot;}\" data-elementor-post-type=\"elementor_library\">\n\t\t\t\t\t<div class=\"elementor-section-wrap\">\n\t\t\t\t\t\t\t\t<section class=\"elementor-section elementor-top-section elementor-element elementor-element-3e618d3f elementor-section-boxed elementor-section-height-default elementor-section-height-default\" data-id=\"3e618d3f\" data-element_type=\"section\" data-e-type=\"section\" data-settings=\"{&quot;_ha_eqh_enable&quot;:false}\">\n\t\t\t\t\t\t<div class=\"elementor-container elementor-column-gap-default\">\n\t\t\t\t\t<div class=\"elementor-column elementor-col-100 elementor-top-column elementor-element elementor-element-13e9e4d6\" data-id=\"13e9e4d6\" data-element_type=\"column\" data-e-type=\"column\">\n\t\t\t<div class=\"elementor-widget-wrap elementor-element-populated\">\n\t\t\t\t\t\t<section class=\"elementor-section elementor-inner-section elementor-element elementor-element-1d5b82b elementor-section-boxed elementor-section-height-default elementor-section-height-default\" data-id=\"1d5b82b\" data-element_type=\"section\" data-e-type=\"section\" data-settings=\"{&quot;_ha_eqh_enable&quot;:false}\">\n\t\t\t\t\t\t<div class=\"elementor-container elementor-column-gap-default\">\n\t\t\t\t\t<div class=\"elementor-column elementor-col-25 elementor-inner-column elementor-element elementor-element-79cf9ad\" data-id=\"79cf9ad\" data-element_type=\"column\" data-e-type=\"column\" data-settings=\"{&quot;background_background&quot;:&quot;classic&quot;}\">\n\t\t\t<div class=\"elementor-widget-wrap elementor-element-populated\">\n\t\t\t\t\t\t<div class=\"elementor-element elementor-element-0398694 elementor-position-top elementor-widget elementor-widget-image-box\" data-id=\"0398694\" data-element_type=\"widget\" data-e-type=\"widget\" data-widget_type=\"image-box.default\">\n\t\t\t\t<div class=\"elementor-widget-container\">\n\t\t\t\t\t<div class=\"elementor-image-box-wrapper\"><figure class=\"elementor-image-box-img\"><a href=\"\/pl\/c\/crm-software\/\" tabindex=\"-1\"><img fetchpriority=\"high\" decoding=\"async\" width=\"230\" height=\"219\" src=\"https:\/\/voipbrand.com\/wp-content\/uploads\/2023\/07\/ico_top_02-1.png\" class=\"attachment-medium size-medium wp-image-1244\" alt=\"\" \/><\/a><\/figure><div class=\"elementor-image-box-content\"><h3 class=\"elementor-image-box-title\"><a href=\"\/pl\/c\/crm-software\/\"><font size=\"5\" color=\"#1E1E1E\">Oprogramowanie<\/font><br>CRM <\/a><\/h3><\/div><\/div>\t\t\t\t<\/div>\n\t\t\t\t<\/div>\n\t\t\t\t\t<\/div>\n\t\t<\/div>\n\t\t\t\t<div class=\"elementor-column elementor-col-25 elementor-inner-column elementor-element elementor-element-1421b39\" data-id=\"1421b39\" data-element_type=\"column\" data-e-type=\"column\" data-settings=\"{&quot;background_background&quot;:&quot;classic&quot;}\">\n\t\t\t<div class=\"elementor-widget-wrap elementor-element-populated\">\n\t\t\t\t\t\t<div class=\"elementor-element elementor-element-78c127e elementor-position-top elementor-widget elementor-widget-image-box\" data-id=\"78c127e\" data-element_type=\"widget\" data-e-type=\"widget\" data-widget_type=\"image-box.default\">\n\t\t\t\t<div class=\"elementor-widget-container\">\n\t\t\t\t\t<div class=\"elementor-image-box-wrapper\"><figure class=\"elementor-image-box-img\"><a href=\"\/pl\/c\/call-center-software\/\" tabindex=\"-1\"><img decoding=\"async\" width=\"258\" height=\"259\" src=\"https:\/\/voipbrand.com\/wp-content\/uploads\/2023\/07\/ico_top_01-1.png\" class=\"attachment-medium size-medium wp-image-1241\" alt=\"\" srcset=\"https:\/\/voipbrand.com\/wp-content\/uploads\/2023\/07\/ico_top_01-1.png 258w, https:\/\/voipbrand.com\/wp-content\/uploads\/2023\/07\/ico_top_01-1-150x150.png 150w\" sizes=\"(max-width: 258px) 100vw, 258px\" \/><\/a><\/figure><div class=\"elementor-image-box-content\"><h3 class=\"elementor-image-box-title\"><a href=\"\/pl\/c\/call-center-software\/\"><font size=\"5\" color=\"#1E1E1E\">Oprogramowanie<\/font><br>Call Center<\/a><\/h3><\/div><\/div>\t\t\t\t<\/div>\n\t\t\t\t<\/div>\n\t\t\t\t\t<\/div>\n\t\t<\/div>\n\t\t\t\t<div class=\"elementor-column elementor-col-25 elementor-inner-column elementor-element elementor-element-374b593\" data-id=\"374b593\" data-element_type=\"column\" data-e-type=\"column\" data-settings=\"{&quot;background_background&quot;:&quot;classic&quot;}\">\n\t\t\t<div class=\"elementor-widget-wrap elementor-element-populated\">\n\t\t\t\t\t\t<div class=\"elementor-element elementor-element-c612b5e elementor-position-top elementor-widget elementor-widget-image-box\" data-id=\"c612b5e\" data-element_type=\"widget\" data-e-type=\"widget\" data-widget_type=\"image-box.default\">\n\t\t\t\t<div class=\"elementor-widget-container\">\n\t\t\t\t\t<div class=\"elementor-image-box-wrapper\"><figure class=\"elementor-image-box-img\"><a href=\"\/pl\/c\/cloud-pbx-software\/\" tabindex=\"-1\"><img decoding=\"async\" width=\"252\" height=\"204\" src=\"https:\/\/voipbrand.com\/wp-content\/uploads\/2023\/07\/ico_top_03-1.png\" class=\"attachment-medium size-medium wp-image-1247\" alt=\"\" \/><\/a><\/figure><div class=\"elementor-image-box-content\"><h3 class=\"elementor-image-box-title\"><a href=\"\/pl\/c\/cloud-pbx-software\/\"><font size=\"5\" color=\"#1E1E1E\">Oprogramowanie<\/font><br>Cloud PBX <\/a><\/h3><\/div><\/div>\t\t\t\t<\/div>\n\t\t\t\t<\/div>\n\t\t\t\t\t<\/div>\n\t\t<\/div>\n\t\t\t\t<div class=\"elementor-column elementor-col-25 elementor-inner-column elementor-element elementor-element-7a972f6\" data-id=\"7a972f6\" data-element_type=\"column\" data-e-type=\"column\" data-settings=\"{&quot;background_background&quot;:&quot;classic&quot;}\">\n\t\t\t<div class=\"elementor-widget-wrap elementor-element-populated\">\n\t\t\t\t\t\t<div class=\"elementor-element elementor-element-eb77391 elementor-position-top elementor-widget elementor-widget-image-box\" data-id=\"eb77391\" data-element_type=\"widget\" data-e-type=\"widget\" data-widget_type=\"image-box.default\">\n\t\t\t\t<div class=\"elementor-widget-container\">\n\t\t\t\t\t<div class=\"elementor-image-box-wrapper\"><figure class=\"elementor-image-box-img\"><a href=\"\/pl\/c\/voip-provider\/\" tabindex=\"-1\"><img loading=\"lazy\" decoding=\"async\" width=\"239\" height=\"238\" src=\"https:\/\/voipbrand.com\/wp-content\/uploads\/2023\/07\/ico_top_04-1.png\" class=\"attachment-medium size-medium wp-image-1250\" alt=\"\" srcset=\"https:\/\/voipbrand.com\/wp-content\/uploads\/2023\/07\/ico_top_04-1.png 239w, https:\/\/voipbrand.com\/wp-content\/uploads\/2023\/07\/ico_top_04-1-150x150.png 150w\" sizes=\"(max-width: 239px) 100vw, 239px\" \/><\/a><\/figure><div class=\"elementor-image-box-content\"><h3 class=\"elementor-image-box-title\"><a href=\"\/pl\/c\/voip-provider\/\"><font size=\"5\" color=\"#1E1E1E\">Dostawcy<\/font><br>VoIP <\/a><\/h3><\/div><\/div>\t\t\t\t<\/div>\n\t\t\t\t<\/div>\n\t\t\t\t\t<\/div>\n\t\t<\/div>\n\t\t\t\t\t<\/div>\n\t\t<\/section>\n\t\t\t\t\t<\/div>\n\t\t<\/div>\n\t\t\t\t\t<\/div>\n\t\t<\/section>\n\t\t\t\t\t\t\t<\/div>\n\t\t\t\t<\/div>\n\t\t\t\t<\/div>\n\t\t\t\t\t\t<\/div>\n\t\t\t\t<\/div>\n\t\t\t\t\t<\/div>\n\t\t<\/div>\n\t\t\t\t\t<\/div>\n\t\t<\/section>\n\t\t\t\t<\/div>\n\t\t","protected":false},"excerpt":{"rendered":"<p>VoipBrand to zas\u00f3b gromadz\u0105cy informacje na temat najlepszych rozwi\u0105za\u0144 programowych w takich dziedzinach, jak oprogramowanie do centrum kontaktowego, oprogramowanie PBX, rozwi\u0105zania CRM i wiele innych. Zapewniamy kompleksowe informacje na temat ka\u017cdego rozwi\u0105zania, wraz z odpowiednimi recenzjami u\u017cytkownik\u00f3w, zaletami i wadami, listami funkcji, politykami cenowymi, integracjami itp. Naszym celem jest pomoc w znalezieniu rozwi\u0105zania, kt\u00f3re spe\u0142ni [&hellip;]<\/p>\n","protected":false},"author":1,"featured_media":0,"parent":0,"menu_order":0,"comment_status":"closed","ping_status":"closed","template":"elementor_header_footer","meta":{"footnotes":""},"class_list":["post-2194","page","type-page","status-publish","hentry"],"_links":{"self":[{"href":"https:\/\/voipbrand.com\/pl\/wp-json\/wp\/v2\/pages\/2194","targetHints":{"allow":["GET"]}}],"collection":[{"href":"https:\/\/voipbrand.com\/pl\/wp-json\/wp\/v2\/pages"}],"about":[{"href":"https:\/\/voipbrand.com\/pl\/wp-json\/wp\/v2\/types\/page"}],"author":[{"embeddable":true,"href":"https:\/\/voipbrand.com\/pl\/wp-json\/wp\/v2\/users\/1"}],"replies":[{"embeddable":true,"href":"https:\/\/voipbrand.com\/pl\/wp-json\/wp\/v2\/comments?post=2194"}],"version-history":[{"count":11,"href":"https:\/\/voipbrand.com\/pl\/wp-json\/wp\/v2\/pages\/2194\/revisions"}],"predecessor-version":[{"id":2225,"href":"https:\/\/voipbrand.com\/pl\/wp-json\/wp\/v2\/pages\/2194\/revisions\/2225"}],"wp:attachment":[{"href":"https:\/\/voipbrand.com\/pl\/wp-json\/wp\/v2\/media?parent=2194"}],"curies":[{"name":"wp","href":"https:\/\/api.w.org\/{rel}","templated":true}]}}